{"id":1382,"date":"2020-09-17T12:04:33","date_gmt":"2020-09-17T10:04:33","guid":{"rendered":"https:\/\/www.carolin-sommer.com\/?page_id=1382"},"modified":"2025-10-06T13:17:29","modified_gmt":"2025-10-06T11:17:29","slug":"team","status":"publish","type":"page","link":"https:\/\/www.carolin-sommer.com\/?page_id=1382","title":{"rendered":"Kooperationen"},"content":{"rendered":"\n<div class=\"wp-block-media-text has-media-on-the-right is-stacked-on-mobile\" style=\"grid-template-columns:auto 47%\"><div class=\"wp-block-media-text__content\">\n<div style=\"height:20px\" aria-hidden=\"true\" class=\"wp-block-spacer\"><\/div>\n\n\n\n<h2 class=\"wp-block-heading has-text-color has-link-color wp-elements-7bf182269c433154ef3cd6c5837934a1\" style=\"color:#3d5440\">She leads AN<\/h2>\n\n\n\n<p>Inspiration. Empowerment. Wachstum.<\/p>\n\n\n\n<p>Ich bin Mitgr\u00fcnderin dieses Frauennetzwerks, das Unternehmerinnen, Selbstst\u00e4ndige und Frauen in F\u00fchrungspositionen in Ansbach verbindet.<br>Hier geht es um Austausch, Empowerment und gemeinsames Wachstum \u2013 bei Netzwerktreffen, Workshops und Mentoring. <strong>Unsere Workshops und Vortr\u00e4ge k\u00f6nnen \u00fcbrigens auch unabh\u00e4ngig vom Netzwerk gebucht werden.<\/strong><\/p>\n\n\n\n<div style=\"height:29px\" aria-hidden=\"true\" class=\"wp-block-spacer\"><\/div>\n\n\n<div class=\"wp-block-image\">\n<figure class=\"aligncenter size-large is-resized\"><img loading=\"lazy\" decoding=\"async\" width=\"1024\" height=\"1024\" src=\"https:\/\/www.carolin-sommer.com\/wp-content\/uploads\/2025\/06\/sheleadsLogo-1024x1024.png\" alt=\"\" class=\"wp-image-3635\" style=\"width:180px;height:auto\" srcset=\"https:\/\/www.carolin-sommer.com\/wp-content\/uploads\/2025\/06\/sheleadsLogo-1024x1024.png 1024w, https:\/\/www.carolin-sommer.com\/wp-content\/uploads\/2025\/06\/sheleadsLogo-300x300.png 300w, https:\/\/www.carolin-sommer.com\/wp-content\/uploads\/2025\/06\/sheleadsLogo-150x150.png 150w, https:\/\/www.carolin-sommer.com\/wp-content\/uploads\/2025\/06\/sheleadsLogo-768x768.png 768w, https:\/\/www.carolin-sommer.com\/wp-content\/uploads\/2025\/06\/sheleadsLogo-1140x1140.png 1140w, https:\/\/www.carolin-sommer.com\/wp-content\/uploads\/2025\/06\/sheleadsLogo-75x75.png 75w, https:\/\/www.carolin-sommer.com\/wp-content\/uploads\/2025\/06\/sheleadsLogo.png 1200w\" sizes=\"auto, (max-width: 1024px) 100vw, 1024px\" \/><\/figure>\n<\/div>\n\n\n<div style=\"height:32px\" aria-hidden=\"true\" class=\"wp-block-spacer\"><\/div>\n\n\n\n<div class=\"wp-block-buttons is-content-justification-left is-layout-flex wp-container-core-buttons-is-layout-fdcfc74e wp-block-buttons-is-layout-flex\">\n<div class=\"wp-block-button\"><a class=\"wp-block-button__link has-background wp-element-button\" href=\"https:\/\/sheleads-an.de\/\" style=\"background-color:#d4a017\">Erfahre mehr<\/a><\/div>\n<\/div>\n\n\n\n<div style=\"height:20px\" aria-hidden=\"true\" class=\"wp-block-spacer\"><\/div>\n\n\n\n<p><em>Bild: <a href=\"https:\/\/slphotodesign.com\/\">Sammy Loveless<\/a><\/em><\/p>\n<\/div><figure class=\"wp-block-media-text__media\"><a href=\"https:\/\/www.steel-photography.de\/\" target=\"_blank\" rel=\" noreferrer noopener\"><img loading=\"lazy\" decoding=\"async\" width=\"683\" height=\"1024\" src=\"https:\/\/www.carolin-sommer.com\/wp-content\/uploads\/2025\/09\/IMG_5792-683x1024.jpg\" alt=\"\" class=\"wp-image-3685 size-full\" srcset=\"https:\/\/www.carolin-sommer.com\/wp-content\/uploads\/2025\/09\/IMG_5792-683x1024.jpg 683w, https:\/\/www.carolin-sommer.com\/wp-content\/uploads\/2025\/09\/IMG_5792-200x300.jpg 200w, https:\/\/www.carolin-sommer.com\/wp-content\/uploads\/2025\/09\/IMG_5792-768x1152.jpg 768w, https:\/\/www.carolin-sommer.com\/wp-content\/uploads\/2025\/09\/IMG_5792-1024x1536.jpg 1024w, https:\/\/www.carolin-sommer.com\/wp-content\/uploads\/2025\/09\/IMG_5792-1365x2048.jpg 1365w, https:\/\/www.carolin-sommer.com\/wp-content\/uploads\/2025\/09\/IMG_5792-1140x1710.jpg 1140w, https:\/\/www.carolin-sommer.com\/wp-content\/uploads\/2025\/09\/IMG_5792-scaled.jpg 1707w\" sizes=\"auto, (max-width: 683px) 100vw, 683px\" \/><\/a><\/figure><\/div>\n\n\n\n<div style=\"height:72px\" aria-hidden=\"true\" class=\"wp-block-spacer\"><\/div>\n\n\n\n<div class=\"wp-block-media-text alignwide is-stacked-on-mobile is-vertically-aligned-center is-style-default\" style=\"grid-template-columns:28% auto\"><figure class=\"wp-block-media-text__media\"><img loading=\"lazy\" decoding=\"async\" width=\"768\" height=\"1024\" src=\"https:\/\/www.carolin-sommer.com\/wp-content\/uploads\/2025\/02\/7150557b-63f0-4c5a-a290-f2178b7d0550-768x1024.jpeg\" alt=\"\" class=\"wp-image-3515 size-full\" srcset=\"https:\/\/www.carolin-sommer.com\/wp-content\/uploads\/2025\/02\/7150557b-63f0-4c5a-a290-f2178b7d0550-768x1024.jpeg 768w, https:\/\/www.carolin-sommer.com\/wp-content\/uploads\/2025\/02\/7150557b-63f0-4c5a-a290-f2178b7d0550-225x300.jpeg 225w, https:\/\/www.carolin-sommer.com\/wp-content\/uploads\/2025\/02\/7150557b-63f0-4c5a-a290-f2178b7d0550-1152x1536.jpeg 1152w, https:\/\/www.carolin-sommer.com\/wp-content\/uploads\/2025\/02\/7150557b-63f0-4c5a-a290-f2178b7d0550-1140x1520.jpeg 1140w, https:\/\/www.carolin-sommer.com\/wp-content\/uploads\/2025\/02\/7150557b-63f0-4c5a-a290-f2178b7d0550.jpeg 1536w\" sizes=\"auto, (max-width: 768px) 100vw, 768px\" \/><\/figure><div class=\"wp-block-media-text__content\">\n<div style=\"height:18px\" aria-hidden=\"true\" class=\"wp-block-spacer\"><\/div>\n\n\n\n<h2 class=\"wp-block-heading has-text-color has-link-color wp-elements-22681052633c7443ba633869d16aa8fc\" style=\"color:#3d5440\">Seelengefl\u00fcster<\/h2>\n\n\n\n<p>by Anna Denkler<\/p>\n\n\n\n<p><\/p>\n\n\n\n<p>Wenn du einen <strong>Jenseitskontakt<\/strong>, ein <strong>Aurareading<\/strong>, ein <strong>Trance Healing<\/strong>, eine <strong>spirituelle Standortbestimmung<\/strong> oder eine <strong>mediale Impulsgebung<\/strong> m\u00f6chtest dann schau unbedingt bei Anna vorbei. Sie bietet auch einen monatlichen <strong>medialen \u00dcbungszirkel<\/strong> an wenn du deine Hellsinne sch\u00e4rfen m\u00f6chtest. Ich kann sie als <strong>Diplom Medium<\/strong> absolut und von Herzen empfehlen. Sie ist nicht nur bodenst\u00e4ndig, authentisch und einf\u00fchlsam sondern einfach ein absolut wundervoller Herzensmensch. Hier bist du in Guten H\u00e4nden!<\/p>\n\n\n\n<div class=\"wp-block-buttons is-layout-flex wp-block-buttons-is-layout-flex\">\n<div class=\"wp-block-button\"><a class=\"wp-block-button__link has-background wp-element-button\" href=\"https:\/\/xn--dein-seelengeflster-kbc.de\/\" style=\"background-color:#d4a017\">Zur Website<\/a><\/div>\n<\/div>\n\n\n\n<p><\/p>\n<\/div><\/div>\n\n\n\n<div style=\"height:39px\" aria-hidden=\"true\" class=\"wp-block-spacer\"><\/div>\n\n\n\n<div style=\"height:40px\" aria-hidden=\"true\" class=\"wp-block-spacer\"><\/div>\n\n\n\n<p><\/p>\n","protected":false},"excerpt":{"rendered":"","protected":false},"author":1,"featured_media":0,"parent":0,"menu_order":0,"comment_status":"closed","ping_status":"closed","template":"","meta":{"_monsterinsights_skip_tracking":false,"_monsterinsights_sitenote_active":false,"_monsterinsights_sitenote_note":"","_monsterinsights_sitenote_category":0,"footnotes":""},"class_list":["post-1382","page","type-page","status-publish","hentry"],"yoast_head":"<!-- This site is optimized with the Yoast SEO plugin v27.3 - https:\/\/yoast.com\/product\/yoast-seo-wordpress\/ -->\n<title>Kooperationen - Carolin Sommer<\/title>\n<meta name=\"robots\" content=\"index, follow, max-snippet:-1, max-image-preview:large, max-video-preview:-1\" \/>\n<link rel=\"canonical\" href=\"https:\/\/www.carolin-sommer.com\/?page_id=1382\" \/>\n<meta property=\"og:locale\" content=\"de_DE\" \/>\n<meta property=\"og:type\" content=\"article\" \/>\n<meta property=\"og:title\" content=\"Kooperationen - Carolin Sommer\" \/>\n<meta property=\"og:url\" content=\"https:\/\/www.carolin-sommer.com\/?page_id=1382\" \/>\n<meta property=\"og:site_name\" content=\"Carolin Sommer\" \/>\n<meta property=\"article:publisher\" content=\"https:\/\/www.facebook.com\/CarolinSommerAkademieCoaching\" \/>\n<meta property=\"article:modified_time\" content=\"2025-10-06T11:17:29+00:00\" \/>\n<meta property=\"og:image\" content=\"https:\/\/www.carolin-sommer.com\/wp-content\/uploads\/2025\/06\/sheleadsLogo.png\" \/>\n\t<meta property=\"og:image:width\" content=\"1200\" \/>\n\t<meta property=\"og:image:height\" content=\"1200\" \/>\n\t<meta property=\"og:image:type\" content=\"image\/png\" \/>\n<meta name=\"twitter:card\" content=\"summary_large_image\" \/>\n<meta name=\"twitter:label1\" content=\"Gesch\u00e4tzte Lesezeit\" \/>\n\t<meta name=\"twitter:data1\" content=\"1\u00a0Minute\" \/>\n<script type=\"application\/ld+json\" class=\"yoast-schema-graph\">{\"@context\":\"https:\\\/\\\/schema.org\",\"@graph\":[{\"@type\":\"WebPage\",\"@id\":\"https:\\\/\\\/www.carolin-sommer.com\\\/?page_id=1382\",\"url\":\"https:\\\/\\\/www.carolin-sommer.com\\\/?page_id=1382\",\"name\":\"Kooperationen - Carolin Sommer\",\"isPartOf\":{\"@id\":\"https:\\\/\\\/www.carolin-sommer.com\\\/#website\"},\"primaryImageOfPage\":{\"@id\":\"https:\\\/\\\/www.carolin-sommer.com\\\/?page_id=1382#primaryimage\"},\"image\":{\"@id\":\"https:\\\/\\\/www.carolin-sommer.com\\\/?page_id=1382#primaryimage\"},\"thumbnailUrl\":\"https:\\\/\\\/www.carolin-sommer.com\\\/wp-content\\\/uploads\\\/2025\\\/06\\\/sheleadsLogo-1024x1024.png\",\"datePublished\":\"2020-09-17T10:04:33+00:00\",\"dateModified\":\"2025-10-06T11:17:29+00:00\",\"breadcrumb\":{\"@id\":\"https:\\\/\\\/www.carolin-sommer.com\\\/?page_id=1382#breadcrumb\"},\"inLanguage\":\"de\",\"potentialAction\":[{\"@type\":\"ReadAction\",\"target\":[\"https:\\\/\\\/www.carolin-sommer.com\\\/?page_id=1382\"]}]},{\"@type\":\"ImageObject\",\"inLanguage\":\"de\",\"@id\":\"https:\\\/\\\/www.carolin-sommer.com\\\/?page_id=1382#primaryimage\",\"url\":\"https:\\\/\\\/www.carolin-sommer.com\\\/wp-content\\\/uploads\\\/2025\\\/06\\\/sheleadsLogo.png\",\"contentUrl\":\"https:\\\/\\\/www.carolin-sommer.com\\\/wp-content\\\/uploads\\\/2025\\\/06\\\/sheleadsLogo.png\",\"width\":1200,\"height\":1200},{\"@type\":\"BreadcrumbList\",\"@id\":\"https:\\\/\\\/www.carolin-sommer.com\\\/?page_id=1382#breadcrumb\",\"itemListElement\":[{\"@type\":\"ListItem\",\"position\":1,\"name\":\"Startseite\",\"item\":\"https:\\\/\\\/www.carolin-sommer.com\\\/\"},{\"@type\":\"ListItem\",\"position\":2,\"name\":\"Kooperationen\"}]},{\"@type\":\"WebSite\",\"@id\":\"https:\\\/\\\/www.carolin-sommer.com\\\/#website\",\"url\":\"https:\\\/\\\/www.carolin-sommer.com\\\/\",\"name\":\"Carolin Sommer\",\"description\":\"Spiritualit\u00e4t, die ins Jetzt passt.\",\"publisher\":{\"@id\":\"https:\\\/\\\/www.carolin-sommer.com\\\/#\\\/schema\\\/person\\\/30ee9c98eb9f7a5dea6c83ee04f3e849\"},\"potentialAction\":[{\"@type\":\"SearchAction\",\"target\":{\"@type\":\"EntryPoint\",\"urlTemplate\":\"https:\\\/\\\/www.carolin-sommer.com\\\/?s={search_term_string}\"},\"query-input\":{\"@type\":\"PropertyValueSpecification\",\"valueRequired\":true,\"valueName\":\"search_term_string\"}}],\"inLanguage\":\"de\"},{\"@type\":[\"Person\",\"Organization\"],\"@id\":\"https:\\\/\\\/www.carolin-sommer.com\\\/#\\\/schema\\\/person\\\/30ee9c98eb9f7a5dea6c83ee04f3e849\",\"name\":\"Carolin Sommer\",\"image\":{\"@type\":\"ImageObject\",\"inLanguage\":\"de\",\"@id\":\"https:\\\/\\\/www.carolin-sommer.com\\\/wp-content\\\/uploads\\\/2020\\\/09\\\/Foto-am-01.09.20-um-14.48-3.jpg\",\"url\":\"https:\\\/\\\/www.carolin-sommer.com\\\/wp-content\\\/uploads\\\/2020\\\/09\\\/Foto-am-01.09.20-um-14.48-3.jpg\",\"contentUrl\":\"https:\\\/\\\/www.carolin-sommer.com\\\/wp-content\\\/uploads\\\/2020\\\/09\\\/Foto-am-01.09.20-um-14.48-3.jpg\",\"width\":1080,\"height\":720,\"caption\":\"Carolin Sommer\"},\"logo\":{\"@id\":\"https:\\\/\\\/www.carolin-sommer.com\\\/wp-content\\\/uploads\\\/2020\\\/09\\\/Foto-am-01.09.20-um-14.48-3.jpg\"},\"sameAs\":[\"https:\\\/\\\/www.carolin-sommer.com\\\/\",\"https:\\\/\\\/www.facebook.com\\\/CarolinSommerAkademieCoaching\",\"https:\\\/\\\/www.instagram.com\\\/carolin_sommer_\\\/?hl=de\",\"https:\\\/\\\/www.youtube.com\\\/channel\\\/UCP_Wv_TzxjhdpC-0NoDmJ1A\"]}]}<\/script>\n<!-- \/ Yoast SEO plugin. -->","yoast_head_json":{"title":"Kooperationen - Carolin Sommer","robots":{"index":"index","follow":"follow","max-snippet":"max-snippet:-1","max-image-preview":"max-image-preview:large","max-video-preview":"max-video-preview:-1"},"canonical":"https:\/\/www.carolin-sommer.com\/?page_id=1382","og_locale":"de_DE","og_type":"article","og_title":"Kooperationen - Carolin Sommer","og_url":"https:\/\/www.carolin-sommer.com\/?page_id=1382","og_site_name":"Carolin Sommer","article_publisher":"https:\/\/www.facebook.com\/CarolinSommerAkademieCoaching","article_modified_time":"2025-10-06T11:17:29+00:00","og_image":[{"width":1200,"height":1200,"url":"https:\/\/www.carolin-sommer.com\/wp-content\/uploads\/2025\/06\/sheleadsLogo.png","type":"image\/png"}],"twitter_card":"summary_large_image","twitter_misc":{"Gesch\u00e4tzte Lesezeit":"1\u00a0Minute"},"schema":{"@context":"https:\/\/schema.org","@graph":[{"@type":"WebPage","@id":"https:\/\/www.carolin-sommer.com\/?page_id=1382","url":"https:\/\/www.carolin-sommer.com\/?page_id=1382","name":"Kooperationen - Carolin Sommer","isPartOf":{"@id":"https:\/\/www.carolin-sommer.com\/#website"},"primaryImageOfPage":{"@id":"https:\/\/www.carolin-sommer.com\/?page_id=1382#primaryimage"},"image":{"@id":"https:\/\/www.carolin-sommer.com\/?page_id=1382#primaryimage"},"thumbnailUrl":"https:\/\/www.carolin-sommer.com\/wp-content\/uploads\/2025\/06\/sheleadsLogo-1024x1024.png","datePublished":"2020-09-17T10:04:33+00:00","dateModified":"2025-10-06T11:17:29+00:00","breadcrumb":{"@id":"https:\/\/www.carolin-sommer.com\/?page_id=1382#breadcrumb"},"inLanguage":"de","potentialAction":[{"@type":"ReadAction","target":["https:\/\/www.carolin-sommer.com\/?page_id=1382"]}]},{"@type":"ImageObject","inLanguage":"de","@id":"https:\/\/www.carolin-sommer.com\/?page_id=1382#primaryimage","url":"https:\/\/www.carolin-sommer.com\/wp-content\/uploads\/2025\/06\/sheleadsLogo.png","contentUrl":"https:\/\/www.carolin-sommer.com\/wp-content\/uploads\/2025\/06\/sheleadsLogo.png","width":1200,"height":1200},{"@type":"BreadcrumbList","@id":"https:\/\/www.carolin-sommer.com\/?page_id=1382#breadcrumb","itemListElement":[{"@type":"ListItem","position":1,"name":"Startseite","item":"https:\/\/www.carolin-sommer.com\/"},{"@type":"ListItem","position":2,"name":"Kooperationen"}]},{"@type":"WebSite","@id":"https:\/\/www.carolin-sommer.com\/#website","url":"https:\/\/www.carolin-sommer.com\/","name":"Carolin Sommer","description":"Spiritualit\u00e4t, die ins Jetzt passt.","publisher":{"@id":"https:\/\/www.carolin-sommer.com\/#\/schema\/person\/30ee9c98eb9f7a5dea6c83ee04f3e849"},"potentialAction":[{"@type":"SearchAction","target":{"@type":"EntryPoint","urlTemplate":"https:\/\/www.carolin-sommer.com\/?s={search_term_string}"},"query-input":{"@type":"PropertyValueSpecification","valueRequired":true,"valueName":"search_term_string"}}],"inLanguage":"de"},{"@type":["Person","Organization"],"@id":"https:\/\/www.carolin-sommer.com\/#\/schema\/person\/30ee9c98eb9f7a5dea6c83ee04f3e849","name":"Carolin Sommer","image":{"@type":"ImageObject","inLanguage":"de","@id":"https:\/\/www.carolin-sommer.com\/wp-content\/uploads\/2020\/09\/Foto-am-01.09.20-um-14.48-3.jpg","url":"https:\/\/www.carolin-sommer.com\/wp-content\/uploads\/2020\/09\/Foto-am-01.09.20-um-14.48-3.jpg","contentUrl":"https:\/\/www.carolin-sommer.com\/wp-content\/uploads\/2020\/09\/Foto-am-01.09.20-um-14.48-3.jpg","width":1080,"height":720,"caption":"Carolin Sommer"},"logo":{"@id":"https:\/\/www.carolin-sommer.com\/wp-content\/uploads\/2020\/09\/Foto-am-01.09.20-um-14.48-3.jpg"},"sameAs":["https:\/\/www.carolin-sommer.com\/","https:\/\/www.facebook.com\/CarolinSommerAkademieCoaching","https:\/\/www.instagram.com\/carolin_sommer_\/?hl=de","https:\/\/www.youtube.com\/channel\/UCP_Wv_TzxjhdpC-0NoDmJ1A"]}]}},"_links":{"self":[{"href":"https:\/\/www.carolin-sommer.com\/index.php?rest_route=\/wp\/v2\/pages\/1382","targetHints":{"allow":["GET"]}}],"collection":[{"href":"https:\/\/www.carolin-sommer.com\/index.php?rest_route=\/wp\/v2\/pages"}],"about":[{"href":"https:\/\/www.carolin-sommer.com\/index.php?rest_route=\/wp\/v2\/types\/page"}],"author":[{"embeddable":true,"href":"https:\/\/www.carolin-sommer.com\/index.php?rest_route=\/wp\/v2\/users\/1"}],"replies":[{"embeddable":true,"href":"https:\/\/www.carolin-sommer.com\/index.php?rest_route=%2Fwp%2Fv2%2Fcomments&post=1382"}],"version-history":[{"count":69,"href":"https:\/\/www.carolin-sommer.com\/index.php?rest_route=\/wp\/v2\/pages\/1382\/revisions"}],"predecessor-version":[{"id":4199,"href":"https:\/\/www.carolin-sommer.com\/index.php?rest_route=\/wp\/v2\/pages\/1382\/revisions\/4199"}],"wp:attachment":[{"href":"https:\/\/www.carolin-sommer.com\/index.php?rest_route=%2Fwp%2Fv2%2Fmedia&parent=1382"}],"curies":[{"name":"wp","href":"https:\/\/api.w.org\/{rel}","templated":true}]}}